{"id":435,"date":"2024-12-27T12:58:15","date_gmt":"2024-12-27T12:58:15","guid":{"rendered":"https:\/\/asadorargentinoelmirador.es\/?page_id=435"},"modified":"2024-12-27T13:04:56","modified_gmt":"2024-12-27T13:04:56","slug":"contacto","status":"publish","type":"page","link":"https:\/\/asadorargentinoelmirador.es\/index.php\/contacto\/","title":{"rendered":"Contacto | Asador Argentino El Mirador"},"content":{"rendered":"\t\t<div data-elementor-type=\"wp-page\" data-elementor-id=\"435\" class=\"elementor elementor-435\" data-elementor-settings=\"{&quot;ha_cmc_init_switcher&quot;:&quot;no&quot;}\" data-elementor-post-type=\"page\">\n\t\t\t\t<div class=\"elementor-element elementor-element-5595b7e6 e-flex e-con-boxed e-con e-parent\" data-id=\"5595b7e6\" data-element_type=\"container\" data-e-type=\"container\" data-settings=\"{&quot;background_background&quot;:&quot;classic&quot;,&quot;_ha_eqh_enable&quot;:false}\">\n\t\t\t\t\t<div class=\"e-con-inner\">\n\t\t\t\t<div class=\"elementor-element elementor-element-2820ddcc ha-has-bg-overlay elementor-widget elementor-widget-heading\" data-id=\"2820ddcc\" data-element_type=\"widget\" data-e-type=\"widget\" data-widget_type=\"heading.default\">\n\t\t\t\t\t<h2 class=\"elementor-heading-title elementor-size-default\">Contacto<\/h2>\t\t\t\t<\/div>\n\t\t\t\t<div class=\"elementor-element elementor-element-1487c525 elementor-widget elementor-widget-text-editor\" data-id=\"1487c525\" data-element_type=\"widget\" data-e-type=\"widget\" data-widget_type=\"text-editor.default\">\n\t\t\t\t\t\t\t\t\t<p><span style=\"color: #ffffff;\"><a style=\"color: #ffffff;\" href=\"https:\/\/asadorargentinoelmirador.es\/\">Inicio<\/a> <\/span>\/ <span style=\"color: #ccffff;\"><a style=\"color: #ccffff;\" href=\"https:\/\/asadorargentinoelmirador.es\/index.php\/contacto\/\">Contacto<\/a><\/span><\/p>\t\t\t\t\t\t\t\t<\/div>\n\t\t\t\t\t<\/div>\n\t\t\t\t<\/div>\n\t\t<div class=\"elementor-element elementor-element-3fe7556a e-flex e-con-boxed e-con e-parent\" data-id=\"3fe7556a\" data-element_type=\"container\" data-e-type=\"container\" data-settings=\"{&quot;background_background&quot;:&quot;classic&quot;,&quot;_ha_eqh_enable&quot;:false}\">\n\t\t\t\t\t<div class=\"e-con-inner\">\n\t\t<div class=\"elementor-element elementor-element-1dd9fe5c e-con-full e-flex e-con e-child\" data-id=\"1dd9fe5c\" data-element_type=\"container\" data-e-type=\"container\" data-settings=\"{&quot;_ha_eqh_enable&quot;:false}\">\n\t\t\t\t<div class=\"elementor-element elementor-element-9634509 elementor-button-align-stretch elementor-widget elementor-widget-form\" data-id=\"9634509\" data-element_type=\"widget\" data-e-type=\"widget\" data-settings=\"{&quot;step_next_label&quot;:&quot;Next&quot;,&quot;step_previous_label&quot;:&quot;Previous&quot;,&quot;button_width&quot;:&quot;100&quot;,&quot;step_type&quot;:&quot;number_text&quot;,&quot;step_icon_shape&quot;:&quot;circle&quot;}\" data-widget_type=\"form.default\">\n\t\t\t\t\t\t\t<form class=\"elementor-form\" method=\"post\" name=\"Formulario de Contacto Asador\">\n\t\t\t<input type=\"hidden\" name=\"post_id\" value=\"435\"\/>\n\t\t\t<input type=\"hidden\" name=\"form_id\" value=\"9634509\"\/>\n\t\t\t<input type=\"hidden\" name=\"referer_title\" value=\"\" \/>\n\n\t\t\t\n\t\t\t<div class=\"elementor-form-fields-wrapper elementor-labels-above\">\n\t\t\t\t\t\t\t\t<div class=\"elementor-field-type-text elementor-field-group elementor-column elementor-field-group-name elementor-col-100\">\n\t\t\t\t\t\t\t\t\t\t\t\t<label for=\"form-field-name\" class=\"elementor-field-label\">\n\t\t\t\t\t\t\t\tNombre\t\t\t\t\t\t\t<\/label>\n\t\t\t\t\t\t\t\t\t\t\t\t\t\t<input size=\"1\" type=\"text\" name=\"form_fields[name]\" id=\"form-field-name\" class=\"elementor-field elementor-size-sm  elementor-field-textual\">\n\t\t\t\t\t\t\t\t\t\t\t<\/div>\n\t\t\t\t\t\t\t\t<div class=\"elementor-field-type-email elementor-field-group elementor-column elementor-field-group-email elementor-col-100 elementor-field-required\">\n\t\t\t\t\t\t\t\t\t\t\t\t<label for=\"form-field-email\" class=\"elementor-field-label\">\n\t\t\t\t\t\t\t\tCorreo electr\u00f3nico\t\t\t\t\t\t\t<\/label>\n\t\t\t\t\t\t\t\t\t\t\t\t\t\t<input size=\"1\" type=\"email\" name=\"form_fields[email]\" id=\"form-field-email\" class=\"elementor-field elementor-size-sm  elementor-field-textual\" required=\"required\">\n\t\t\t\t\t\t\t\t\t\t\t<\/div>\n\t\t\t\t\t\t\t\t<div class=\"elementor-field-type-textarea elementor-field-group elementor-column elementor-field-group-message elementor-col-100\">\n\t\t\t\t\t\t\t\t\t\t\t\t<label for=\"form-field-message\" class=\"elementor-field-label\">\n\t\t\t\t\t\t\t\t\u00bfEn qu\u00e9 podemos ayudarte?\t\t\t\t\t\t\t<\/label>\n\t\t\t\t\t\t<textarea class=\"elementor-field-textual elementor-field  elementor-size-sm\" name=\"form_fields[message]\" id=\"form-field-message\" rows=\"4\"><\/textarea>\t\t\t\t<\/div>\n\t\t\t\t\t\t\t\t<div class=\"elementor-field-group elementor-column elementor-field-type-submit elementor-col-100 e-form__buttons\">\n\t\t\t\t\t<button class=\"elementor-button elementor-size-sm\" type=\"submit\">\n\t\t\t\t\t\t<span class=\"elementor-button-content-wrapper\">\n\t\t\t\t\t\t\t\t\t\t\t\t\t\t\t\t\t\t\t\t\t\t<span class=\"elementor-button-text\">Enviar mi mensaje<\/span>\n\t\t\t\t\t\t\t\t\t\t\t\t\t<\/span>\n\t\t\t\t\t<\/button>\n\t\t\t\t<\/div>\n\t\t\t<\/div>\n\t\t<\/form>\n\t\t\t\t\t\t<\/div>\n\t\t\t\t<\/div>\n\t\t<div class=\"elementor-element elementor-element-33ee5a5f e-con-full e-flex elementor-invisible e-con e-child\" data-id=\"33ee5a5f\" data-element_type=\"container\" data-e-type=\"container\" data-settings=\"{&quot;animation&quot;:&quot;fadeInRight&quot;,&quot;_ha_eqh_enable&quot;:false}\">\n\t\t\t\t<div class=\"elementor-element elementor-element-12c5da68 elementor-widget elementor-widget-heading\" data-id=\"12c5da68\" data-element_type=\"widget\" data-e-type=\"widget\" data-widget_type=\"heading.default\">\n\t\t\t\t\t<h2 class=\"elementor-heading-title elementor-size-default\">Est\u00e1s a un clic de pasar un d\u00eda incre\u00edble\n<\/h2>\t\t\t\t<\/div>\n\t\t\t\t<div class=\"elementor-element elementor-element-7bfe5002 elementor-widget elementor-widget-text-editor\" data-id=\"7bfe5002\" data-element_type=\"widget\" data-e-type=\"widget\" data-widget_type=\"text-editor.default\">\n\t\t\t\t\t\t\t\t\t<p><strong>En Asador Argentino El Mirador queremos que vivas una experiencia inolvidable.<\/strong> Nuestro asador, ubicado en un entorno \u00fanico rodeado de naturaleza, es el lugar ideal para desconectar, disfrutar de sabores excepcionales y pasar un d\u00eda completo en familia o con amigos. Cont\u00e1ctanos para reservar tu mesa y prep\u00e1rate para deleitarte con nuestras <strong>carnes de Galicia<\/strong> y la <strong>aut\u00e9ntica tradici\u00f3n argentina<\/strong>. \u00a1Estamos a un click de hacer de tu d\u00eda algo especial!<\/p>\t\t\t\t\t\t\t\t<\/div>\n\t\t\t\t<\/div>\n\t\t\t\t\t<\/div>\n\t\t\t\t<\/div>\n\t\t<div class=\"elementor-element elementor-element-6be68b2c e-flex e-con-boxed e-con e-parent\" data-id=\"6be68b2c\" data-element_type=\"container\" data-e-type=\"container\" data-settings=\"{&quot;background_background&quot;:&quot;classic&quot;,&quot;_ha_eqh_enable&quot;:false}\">\n\t\t\t\t\t<div class=\"e-con-inner\">\n\t\t<div class=\"elementor-element elementor-element-1196779d e-con-full e-flex elementor-invisible e-con e-child\" data-id=\"1196779d\" data-element_type=\"container\" data-e-type=\"container\" data-settings=\"{&quot;animation&quot;:&quot;fadeInLeft&quot;,&quot;_ha_eqh_enable&quot;:false}\">\n\t\t\t\t<div class=\"elementor-element elementor-element-4f55e78b elementor-widget elementor-widget-heading\" data-id=\"4f55e78b\" data-element_type=\"widget\" data-e-type=\"widget\" data-widget_type=\"heading.default\">\n\t\t\t\t\t<h2 class=\"elementor-heading-title elementor-size-default\">\u00bfD\u00f3nde estamos?<\/h2>\t\t\t\t<\/div>\n\t\t\t\t<div class=\"elementor-element elementor-element-4557f6a3 elementor-widget elementor-widget-text-editor\" data-id=\"4557f6a3\" data-element_type=\"widget\" data-e-type=\"widget\" data-widget_type=\"text-editor.default\">\n\t\t\t\t\t\t\t\t\t<p>Vis\u00edtanos <strong>en el coraz\u00f3n de El Casar, Madrid<\/strong>, y disfruta de una experiencia gastron\u00f3mica con vistas panor\u00e1micas. Encuentra aqu\u00ed <strong>c\u00f3mo llegar a Asador Argentino El Mirador<\/strong> y ven a vivir un d\u00eda inolvidable de sabor y tradici\u00f3n.<\/p>\t\t\t\t\t\t\t\t<\/div>\n\t\t\t\t<div class=\"elementor-element elementor-element-10f3709 elementor-icon-list--layout-traditional elementor-list-item-link-full_width elementor-widget elementor-widget-icon-list\" data-id=\"10f3709\" data-element_type=\"widget\" data-e-type=\"widget\" data-widget_type=\"icon-list.default\">\n\t\t\t\t\t\t\t<ul class=\"elementor-icon-list-items\">\n\t\t\t\t\t\t\t<li class=\"elementor-icon-list-item\">\n\t\t\t\t\t\t\t\t\t\t\t<a href=\"https:\/\/g.co\/kgs\/SyYy5cY\" target=\"_blank\" rel=\"nofollow\">\n\n\t\t\t\t\t\t\t\t\t\t\t\t<span class=\"elementor-icon-list-icon\">\n\t\t\t\t\t\t\t<svg aria-hidden=\"true\" class=\"e-font-icon-svg e-fas-map-marker-alt\" viewBox=\"0 0 384 512\" xmlns=\"http:\/\/www.w3.org\/2000\/svg\"><path d=\"M172.268 501.67C26.97 291.031 0 269.413 0 192 0 85.961 85.961 0 192 0s192 85.961 192 192c0 77.413-26.97 99.031-172.268 309.67-9.535 13.774-29.93 13.773-39.464 0zM192 272c44.183 0 80-35.817 80-80s-35.817-80-80-80-80 35.817-80 80 35.817 80 80 80z\"><\/path><\/svg>\t\t\t\t\t\t<\/span>\n\t\t\t\t\t\t\t\t\t\t<span class=\"elementor-icon-list-text\">Av. el Casar, 1A, 19170 El Casar, Guadalajara<\/span>\n\t\t\t\t\t\t\t\t\t\t\t<\/a>\n\t\t\t\t\t\t\t\t\t<\/li>\n\t\t\t\t\t\t\t\t<li class=\"elementor-icon-list-item\">\n\t\t\t\t\t\t\t\t\t\t\t<a href=\"http:\/\/wa.link\/ne0qq0\" target=\"_blank\" rel=\"nofollow\">\n\n\t\t\t\t\t\t\t\t\t\t\t\t<span class=\"elementor-icon-list-icon\">\n\t\t\t\t\t\t\t<svg aria-hidden=\"true\" class=\"e-font-icon-svg e-fas-phone-alt\" viewBox=\"0 0 512 512\" xmlns=\"http:\/\/www.w3.org\/2000\/svg\"><path d=\"M497.39 361.8l-112-48a24 24 0 0 0-28 6.9l-49.6 60.6A370.66 370.66 0 0 1 130.6 204.11l60.6-49.6a23.94 23.94 0 0 0 6.9-28l-48-112A24.16 24.16 0 0 0 122.6.61l-104 24A24 24 0 0 0 0 48c0 256.5 207.9 464 464 464a24 24 0 0 0 23.4-18.6l24-104a24.29 24.29 0 0 0-14.01-27.6z\"><\/path><\/svg>\t\t\t\t\t\t<\/span>\n\t\t\t\t\t\t\t\t\t\t<span class=\"elementor-icon-list-text\">646570207<\/span>\n\t\t\t\t\t\t\t\t\t\t\t<\/a>\n\t\t\t\t\t\t\t\t\t<\/li>\n\t\t\t\t\t\t\t\t<li class=\"elementor-icon-list-item\">\n\t\t\t\t\t\t\t\t\t\t\t<a href=\"mailto:daniel.aaelmirador@gmail.com\" target=\"_blank\" rel=\"nofollow\">\n\n\t\t\t\t\t\t\t\t\t\t\t\t<span class=\"elementor-icon-list-icon\">\n\t\t\t\t\t\t\t<svg aria-hidden=\"true\" class=\"e-font-icon-svg e-fas-envelope\" viewBox=\"0 0 512 512\" xmlns=\"http:\/\/www.w3.org\/2000\/svg\"><path d=\"M502.3 190.8c3.9-3.1 9.7-.2 9.7 4.7V400c0 26.5-21.5 48-48 48H48c-26.5 0-48-21.5-48-48V195.6c0-5 5.7-7.8 9.7-4.7 22.4 17.4 52.1 39.5 154.1 113.6 21.1 15.4 56.7 47.8 92.2 47.6 35.7.3 72-32.8 92.3-47.6 102-74.1 131.6-96.3 154-113.7zM256 320c23.2.4 56.6-29.2 73.4-41.4 132.7-96.3 142.8-104.7 173.4-128.7 5.8-4.5 9.2-11.5 9.2-18.9v-19c0-26.5-21.5-48-48-48H48C21.5 64 0 85.5 0 112v19c0 7.4 3.4 14.3 9.2 18.9 30.6 23.9 40.7 32.4 173.4 128.7 16.8 12.2 50.2 41.8 73.4 41.4z\"><\/path><\/svg>\t\t\t\t\t\t<\/span>\n\t\t\t\t\t\t\t\t\t\t<span class=\"elementor-icon-list-text\">daniel.aaelmirador@gmail.com<\/span>\n\t\t\t\t\t\t\t\t\t\t\t<\/a>\n\t\t\t\t\t\t\t\t\t<\/li>\n\t\t\t\t\t\t<\/ul>\n\t\t\t\t\t\t<\/div>\n\t\t\t\t<\/div>\n\t\t<div class=\"elementor-element elementor-element-7dccd74 e-con-full e-flex elementor-invisible e-con e-child\" data-id=\"7dccd74\" data-element_type=\"container\" data-e-type=\"container\" data-settings=\"{&quot;animation&quot;:&quot;fadeInRight&quot;,&quot;_ha_eqh_enable&quot;:false}\">\n\t\t\t\t<div class=\"elementor-element elementor-element-7ffa0b5d elementor-widget elementor-widget-html\" data-id=\"7ffa0b5d\" data-element_type=\"widget\" data-e-type=\"widget\" data-widget_type=\"html.default\">\n\t\t\t\t\t<iframe src=\"https:\/\/www.google.com\/maps\/embed?pb=!1m14!1m8!1m3!1d48388.12769148158!2d-3.436576!3d40.712337!3m2!1i1024!2i768!4f13.1!3m3!1m2!1s0xd43c989e8c8763b%3A0xb63b3560a3680d52!2sAsador%20Argentino%20El%20Mirador!5e0!3m2!1ses!2sus!4v1731351915558!5m2!1ses!2sus\" width=\"600\" height=\"450\" style=\"border:0;\" allowfullscreen=\"\" loading=\"lazy\" referrerpolicy=\"no-referrer-when-downgrade\"><\/iframe>\t\t\t\t<\/div>\n\t\t\t\t<\/div>\n\t\t\t\t\t<\/div>\n\t\t\t\t<\/div>\n\t\t\t\t<\/div>\n\t\t","protected":false},"excerpt":{"rendered":"<p>Contacto Inicio \/ Contacto Est\u00e1s a un clic de pasar un d\u00eda incre\u00edble En Asador Argentino El Mirador queremos que vivas una experiencia inolvidable. Nuestro asador, ubicado en un entorno \u00fanico rodeado de naturaleza, es el lugar ideal para desconectar, disfrutar de sabores excepcionales y pasar un d\u00eda completo en familia o con amigos. Cont\u00e1ctanos [&hellip;]<\/p>\n","protected":false},"author":2,"featured_media":0,"parent":0,"menu_order":0,"comment_status":"closed","ping_status":"closed","template":"","meta":{"_acf_changed":false,"footnotes":""},"class_list":["post-435","page","type-page","status-publish","hentry"],"yoast_head":"<!-- This site is optimized with the Yoast SEO plugin v25.1 - https:\/\/yoast.com\/wordpress\/plugins\/seo\/ -->\n<title>Contacto | Asador Argentino El Mirador -<\/title>\n<meta name=\"robots\" content=\"index, follow, max-snippet:-1, max-image-preview:large, max-video-preview:-1\" \/>\n<link rel=\"canonical\" href=\"https:\/\/asadorargentinoelmirador.es\/index.php\/contacto\/\" \/>\n<meta property=\"og:locale\" content=\"es_ES\" \/>\n<meta property=\"og:type\" content=\"article\" \/>\n<meta property=\"og:title\" content=\"Contacto | Asador Argentino El Mirador -\" \/>\n<meta property=\"og:description\" content=\"Contacto Inicio \/ Contacto Est\u00e1s a un clic de pasar un d\u00eda incre\u00edble En Asador Argentino El Mirador queremos que vivas una experiencia inolvidable. Nuestro asador, ubicado en un entorno \u00fanico rodeado de naturaleza, es el lugar ideal para desconectar, disfrutar de sabores excepcionales y pasar un d\u00eda completo en familia o con amigos. Cont\u00e1ctanos [&hellip;]\" \/>\n<meta property=\"og:url\" content=\"https:\/\/asadorargentinoelmirador.es\/index.php\/contacto\/\" \/>\n<meta property=\"article:modified_time\" content=\"2024-12-27T13:04:56+00:00\" \/>\n<meta name=\"twitter:card\" content=\"summary_large_image\" \/>\n<meta name=\"twitter:label1\" content=\"Tiempo de lectura\" \/>\n\t<meta name=\"twitter:data1\" content=\"1 minuto\" \/>\n<script type=\"application\/ld+json\" class=\"yoast-schema-graph\">{\"@context\":\"https:\/\/schema.org\",\"@graph\":[{\"@type\":\"WebPage\",\"@id\":\"https:\/\/asadorargentinoelmirador.es\/index.php\/contacto\/\",\"url\":\"https:\/\/asadorargentinoelmirador.es\/index.php\/contacto\/\",\"name\":\"Contacto | Asador Argentino El Mirador -\",\"isPartOf\":{\"@id\":\"https:\/\/asadorargentinoelmirador.es\/#website\"},\"datePublished\":\"2024-12-27T12:58:15+00:00\",\"dateModified\":\"2024-12-27T13:04:56+00:00\",\"breadcrumb\":{\"@id\":\"https:\/\/asadorargentinoelmirador.es\/index.php\/contacto\/#breadcrumb\"},\"inLanguage\":\"es\",\"potentialAction\":[{\"@type\":\"ReadAction\",\"target\":[\"https:\/\/asadorargentinoelmirador.es\/index.php\/contacto\/\"]}]},{\"@type\":\"BreadcrumbList\",\"@id\":\"https:\/\/asadorargentinoelmirador.es\/index.php\/contacto\/#breadcrumb\",\"itemListElement\":[{\"@type\":\"ListItem\",\"position\":1,\"name\":\"Home\",\"item\":\"https:\/\/asadorargentinoelmirador.es\/\"},{\"@type\":\"ListItem\",\"position\":2,\"name\":\"Contacto | Asador Argentino El Mirador\"}]},{\"@type\":\"WebSite\",\"@id\":\"https:\/\/asadorargentinoelmirador.es\/#website\",\"url\":\"https:\/\/asadorargentinoelmirador.es\/\",\"name\":\"\",\"description\":\"\",\"potentialAction\":[{\"@type\":\"SearchAction\",\"target\":{\"@type\":\"EntryPoint\",\"urlTemplate\":\"https:\/\/asadorargentinoelmirador.es\/?s={search_term_string}\"},\"query-input\":{\"@type\":\"PropertyValueSpecification\",\"valueRequired\":true,\"valueName\":\"search_term_string\"}}],\"inLanguage\":\"es\"}]}<\/script>\n<!-- \/ Yoast SEO plugin. -->","yoast_head_json":{"title":"Contacto | Asador Argentino El Mirador -","robots":{"index":"index","follow":"follow","max-snippet":"max-snippet:-1","max-image-preview":"max-image-preview:large","max-video-preview":"max-video-preview:-1"},"canonical":"https:\/\/asadorargentinoelmirador.es\/index.php\/contacto\/","og_locale":"es_ES","og_type":"article","og_title":"Contacto | Asador Argentino El Mirador -","og_description":"Contacto Inicio \/ Contacto Est\u00e1s a un clic de pasar un d\u00eda incre\u00edble En Asador Argentino El Mirador queremos que vivas una experiencia inolvidable. Nuestro asador, ubicado en un entorno \u00fanico rodeado de naturaleza, es el lugar ideal para desconectar, disfrutar de sabores excepcionales y pasar un d\u00eda completo en familia o con amigos. Cont\u00e1ctanos [&hellip;]","og_url":"https:\/\/asadorargentinoelmirador.es\/index.php\/contacto\/","article_modified_time":"2024-12-27T13:04:56+00:00","twitter_card":"summary_large_image","twitter_misc":{"Tiempo de lectura":"1 minuto"},"schema":{"@context":"https:\/\/schema.org","@graph":[{"@type":"WebPage","@id":"https:\/\/asadorargentinoelmirador.es\/index.php\/contacto\/","url":"https:\/\/asadorargentinoelmirador.es\/index.php\/contacto\/","name":"Contacto | Asador Argentino El Mirador -","isPartOf":{"@id":"https:\/\/asadorargentinoelmirador.es\/#website"},"datePublished":"2024-12-27T12:58:15+00:00","dateModified":"2024-12-27T13:04:56+00:00","breadcrumb":{"@id":"https:\/\/asadorargentinoelmirador.es\/index.php\/contacto\/#breadcrumb"},"inLanguage":"es","potentialAction":[{"@type":"ReadAction","target":["https:\/\/asadorargentinoelmirador.es\/index.php\/contacto\/"]}]},{"@type":"BreadcrumbList","@id":"https:\/\/asadorargentinoelmirador.es\/index.php\/contacto\/#breadcrumb","itemListElement":[{"@type":"ListItem","position":1,"name":"Home","item":"https:\/\/asadorargentinoelmirador.es\/"},{"@type":"ListItem","position":2,"name":"Contacto | Asador Argentino El Mirador"}]},{"@type":"WebSite","@id":"https:\/\/asadorargentinoelmirador.es\/#website","url":"https:\/\/asadorargentinoelmirador.es\/","name":"","description":"","potentialAction":[{"@type":"SearchAction","target":{"@type":"EntryPoint","urlTemplate":"https:\/\/asadorargentinoelmirador.es\/?s={search_term_string}"},"query-input":{"@type":"PropertyValueSpecification","valueRequired":true,"valueName":"search_term_string"}}],"inLanguage":"es"}]}},"acf":[],"_links":{"self":[{"href":"https:\/\/asadorargentinoelmirador.es\/index.php\/wp-json\/wp\/v2\/pages\/435","targetHints":{"allow":["GET"]}}],"collection":[{"href":"https:\/\/asadorargentinoelmirador.es\/index.php\/wp-json\/wp\/v2\/pages"}],"about":[{"href":"https:\/\/asadorargentinoelmirador.es\/index.php\/wp-json\/wp\/v2\/types\/page"}],"author":[{"embeddable":true,"href":"https:\/\/asadorargentinoelmirador.es\/index.php\/wp-json\/wp\/v2\/users\/2"}],"replies":[{"embeddable":true,"href":"https:\/\/asadorargentinoelmirador.es\/index.php\/wp-json\/wp\/v2\/comments?post=435"}],"version-history":[{"count":19,"href":"https:\/\/asadorargentinoelmirador.es\/index.php\/wp-json\/wp\/v2\/pages\/435\/revisions"}],"predecessor-version":[{"id":464,"href":"https:\/\/asadorargentinoelmirador.es\/index.php\/wp-json\/wp\/v2\/pages\/435\/revisions\/464"}],"wp:attachment":[{"href":"https:\/\/asadorargentinoelmirador.es\/index.php\/wp-json\/wp\/v2\/media?parent=435"}],"curies":[{"name":"wp","href":"https:\/\/api.w.org\/{rel}","templated":true}]}}